{"id":7,"date":"2015-07-04T19:45:25","date_gmt":"2015-07-04T19:45:25","guid":{"rendered":"http:\/\/thegramsciblog.wordpress.com\/?page_id=1"},"modified":"2025-05-18T12:49:57","modified_gmt":"2025-05-18T12:49:57","slug":"about","status":"publish","type":"page","link":"https:\/\/venstresida.net\/ny\/index.php\/about\/","title":{"rendered":"Om\/About venstresida.net"},"content":{"rendered":"\n<h3 class=\"wp-block-heading\">Norsk<\/h3>\n\n\n\n<p>Venstresida.net er et venstreradikalt nettsted som jobber for et mer rettferdig samfunn, hvor rikdommen til de f\u00e5 ikke er betinget av fattigdommen til de mange.<\/p>\n\n\n\n<p>Dette nettstedet har i sin n\u00e5v\u00e6rende form v\u00e6rt operativt siden oktober 2003, og inneholder kommentarer p\u00e5 aktuelle saker, men ogs\u00e5 bakgrunnsartikler og generell polistisk, kulturell og vitenskapelig debatt. <\/p>\n\n\n\n<p>I 2025 gikk nettsida gjennom en st\u00f8rre oppgradering og skiftet inholdssystem. For \u00e5 lese tekster fra 2003-2024, g\u00e5 til <a href=\"https:\/\/venstresida.net\/archive\/index.html\">https:\/\/venstresida.net\/archive\/index.html<\/a>, og bruk s\u00f8kefunksjonen p\u00e5 denne f\u00f8rste indeksiden om du \u00f8nsker \u00e5 s\u00f8ke i innholdet.<\/p>\n\n\n\n<h3 class=\"wp-block-heading\">English<\/h3>\n\n\n\n<p>Venstresida.net is a leftist website working for a more just society where the wealth of a few is not conditioned by the poverty of the many.<\/p>\n\n\n\n<p>This site has in its current form been operative since october 2003, and contains comments on current issues, and also background articles and general political, cultural and scientific debate. <\/p>\n\n\n\n<p>In 2025 the website went through a major upgrade, and changed its CMS. To read texts from 2003-2024, go to <a href=\"https:\/\/venstresida.net\/archive\/index.html\">https:\/\/venstresida.net\/archive\/index.html<\/a>, and use the search function on this first index page if you wish to search.<\/p>\n\n\n\n<h3 class=\"wp-block-heading\">Debattregler<\/h3>\n\n\n\n<p>Venstresida.net er helt \u00e5pent for generell debatt, men for \u00e5 holde et \u00e5pent og inkluderende debattklima, har vi noen enkle kj\u00f8reregler:<\/p>\n\n\n\n<p>1. Diskuter sak, hold deg til temaet under den enkelte artikkel. \u00d8nsker du \u00e5 diskutere noe helt annet som ikke h\u00f8rer inn under noen artikler, gj\u00f8r det p\u00e5 det \u00e5pne forumet.<br>2. Unng\u00e5 personangrep og nedsettende karakteristikker p\u00e5 meddebattanter.<br>3. Unng\u00e5 kommentarspam. Hold deg til saken og skriv det du mener. Unng\u00e5 \u00e5 oversv\u00f8mme den samme debatten med innlegg etter innlegg.<br>4. Ikke klipp-og-lim inn lengre tekster skrevet av andre debattanter. Vil du henvise til noe, legg ved en lenke. Dette har med b\u00e5de folkeskikk og copyrightlovgivning \u00e5 gj\u00f8re (uansett hvor lite vi liker denne lovgivninga).<br>5. Velg et nick (pseudonym) og hold deg til det. Dine meddebattanter har rett til \u00e5 vite at de diskuterer med en person og ikke fem.<br>6. Rasistiske innlegg og andre innlegg som inneb\u00e6rer hets av enkeltgrupper er heller ikke akseptert. Igjen en kombinasjon av folkeskikk og norsk lov.<\/p>\n\n\n\n<p>Dette er selvsagt noe som vi ikke burde ha behov for \u00e5 p\u00e5peke, og som de fleste skj\u00f8nner av seg selv. For den som har beveget seg p\u00e5 enkelte nettfora, vil man dessverre likevel ha oppdaget at det er mange som ikke skj\u00f8nner dette. Derfor en slik presisering.<\/p>\n\n\n\n<h3 class=\"wp-block-heading\">Rules for Debate<\/h3>\n\n\n\n<p>Venstresida.net is completely open to a wide and general debate, but to keep an open and inclusive debate climate, we have some simple rules:<\/p>\n\n\n\n<p>1. Discuss the issue at hand, stick to the topic under each article. If you wish to discuss something that does not belong to any article, do it at the open forum.<br>2. Avoid personal attacks and disparaging characteristics of other people.<br>3. Avoid comment spam. Stick to the issue and write you opinion. Do not flood the same debate with post after pot.<br>4. Do not cut and paste in long texts written by other people. If you would like to refer to something, add a link. This has to do both with good manners and copyright law (no matter how little we like the law).<br>5. Choose a nickname (pseudonym) and stick to it. Your co-debaters have a right to know that they are discussing with one person, not five.<br>6. Racist posts and other posts that involve hate-speech towards individuals or groups is also not accepted. Again, a combination of manners and Norwegian law.<\/p>\n\n\n\n<p>This is obviously something that we should not need to point out, and things most people know by themselves. Those who have been on a few online forums will unfortunately have discovered that there are still many who do not understand this. Therefore, this clarification.<\/p>\n\n\n\n<p><strong>Kontakt\/Contact:<\/strong><br><em>Redigering av denne siden blir til vanlig gjort av\/Editing of this site is usually done by ronny [dot] kjelsberg [at] gmail [dot] com.<\/em><\/p>\n\n\n<p><strong>About the author:<\/strong><\/p>\n<p>Ronny Kjelsberg is an assistant professor at the Norwegian University of Science and Technology in Trondheim, Norway. He also was a County Council representative for the Norwegian Red Party 2007-2015, and has engaged in serveral other organizations, notably The Norwegian Civil Servants Union and Attac.<\/p>","protected":false},"excerpt":{"rendered":"<p>Norsk Venstresida.net er et venstreradikalt nettsted som jobber for et mer rettferdig samfunn, hvor rikdommen til de f\u00e5 ikke er betinget av fattigdommen til de mange. Dette nettstedet har i sin n\u00e5v\u00e6rende&#8230;<\/p>\n","protected":false},"author":1,"featured_media":0,"parent":0,"menu_order":0,"comment_status":"open","ping_status":"open","template":"","meta":{"advanced_seo_description":"","jetpack_seo_html_title":"","jetpack_seo_noindex":false,"footnotes":""},"class_list":["post-7","page","type-page","status-publish","hentry"],"jetpack_sharing_enabled":true,"post_mailing_queue_ids":[],"_links":{"self":[{"href":"https:\/\/venstresida.net\/ny\/index.php\/wp-json\/wp\/v2\/pages\/7","targetHints":{"allow":["GET"]}}],"collection":[{"href":"https:\/\/venstresida.net\/ny\/index.php\/wp-json\/wp\/v2\/pages"}],"about":[{"href":"https:\/\/venstresida.net\/ny\/index.php\/wp-json\/wp\/v2\/types\/page"}],"author":[{"embeddable":true,"href":"https:\/\/venstresida.net\/ny\/index.php\/wp-json\/wp\/v2\/users\/1"}],"replies":[{"embeddable":true,"href":"https:\/\/venstresida.net\/ny\/index.php\/wp-json\/wp\/v2\/comments?post=7"}],"version-history":[{"count":5,"href":"https:\/\/venstresida.net\/ny\/index.php\/wp-json\/wp\/v2\/pages\/7\/revisions"}],"predecessor-version":[{"id":718,"href":"https:\/\/venstresida.net\/ny\/index.php\/wp-json\/wp\/v2\/pages\/7\/revisions\/718"}],"wp:attachment":[{"href":"https:\/\/venstresida.net\/ny\/index.php\/wp-json\/wp\/v2\/media?parent=7"}],"curies":[{"name":"wp","href":"https:\/\/api.w.org\/{rel}","templated":true}]}}