{"id":2,"date":"2025-05-15T06:49:14","date_gmt":"2025-05-15T06:49:14","guid":{"rendered":"https:\/\/venstresida.net\/ny\/?page_id=2"},"modified":"2025-05-18T13:07:52","modified_gmt":"2025-05-18T13:07:52","slug":"sample-page","status":"publish","type":"page","link":"https:\/\/venstresida.net\/ny\/index.php\/sample-page\/","title":{"rendered":"Lenker"},"content":{"rendered":"\n<p>Dette er en samling med lenker til ulike nettsider med relevans for denne nettsidens tematikk. Det betyr p\u00e5 ingen m\u00e5te at webmasteren bak lenkelisten (som ogs\u00e5 er s\u00f8rgelig utdatert) g\u00e5r god for innholdet p\u00e5 noe vis. Her finnes b\u00e5de innsiktsfulle nettsider, og det rene s\u00f8ppel. Enjoy!<\/p>\n\n\n\n<figure class=\"wp-block-table\"><table><tbody><tr><td colspan=\"2\"><strong>Politikk<\/strong><\/td><\/tr><tr><td>Norske skrotvenstre <br><a href=\"http:\/\/www.roedt.no\/\">R\u00f8dt<\/a><br><a href=\"http:\/\/www.r\u00f8dungdom.no\/\">R\u00f8d ungdom<\/a><br><a href=\"http:\/\/www.nkp.no\/\">Norges kommunistiske parti<\/a><br><a href=\"http:\/\/www.ungkommunist.no\/\">Ungkommunistene i Norge<\/a><br><a href=\"http:\/\/www.su.no\">Sosialistisk ungdom<\/a><br><a href=\"http:\/\/kpml.no\/\">Kommunistisk plattform<\/a><br><a href=\"http:\/\/www.intsos.no\">Internasjonale sosialister<\/a><br><a href=\"http:\/\/fi-norge.no\/\">Forbundet internasjonalen<\/a><br><a href=\"http:\/\/www.motmakt.no\">Motmakt<\/a><br><a href=\"http:\/\/www.stiftelsenmanifest.no\">Stiftelsen manifest<\/a><\/td><td>Skrotvenstre of the world<br><a href=\"http:\/\/www.broadleft.org\/index.htm\">All verdens venstresidepartier<\/a><br><a href=\"http:\/\/solidnet.org\">Alle gammelkommunistene<\/a><br><a href=\"http:\/\/www.enhedslisten.dk\/\">Enhedslisten (DK)<\/a><br><a href=\"http:\/\/www.cpusa.org\">Communist Party USA<\/a><br><a href=\"http:\/\/www.greenparty.org\/\">The Green Party (USA)<\/a><br><a href=\"http:\/\/www.sacp.org.za\">South African Communist Party<\/a><br><a href=\"http:\/\/home.rifondazione.it\/\">Partito della Rifondazione Comunista (Italy)<\/a><\/td><\/tr><tr><td>Snillhetsindustrien <br><a href=\"http:\/\/www.attac.no\">ATTAC<\/a><br><a href=\"http:\/\/www.taxjustice.net\">Tax Justice Network<\/a><br><a href=\"http:\/\/www.slettgjelda.no\/\">Aksjon slett ulandsgjelda<\/a><br><a href=\"http:\/\/press.no\/\">PRESS<\/a><br><a href=\"http:\/\/changemaker.no\/\">Changemaker<\/a><br><a href=\"http:\/\/www.nu.no\/\">Natur og ungdom<\/a><br><a href=\"http:\/\/www.naturvern.no\/\">Norges naturvernforbund<\/a><br><a href=\"http:\/\/folkehjelp.no\/\">Norsk folkehjelp<\/a><br><a href=\"http:\/\/www.palestinakomiteen.no\/\">Palestinakomiteen<\/a><br><a href=\"http:\/\/afrika.no\/\">Fellesr\u00e5det for Afrika<\/a><br><br><\/td><td>Internasjonalt:<br><a href=\"http:\/\/www.waronwant.org\/\">War on Want<\/a><br><a href=\"http:\/\/www.venezuelanalysis.com\/\">Venezuela Analysis<\/a><br><a href=\"http:\/\/www.telesurtv.net\/\">Telesur<\/a><br><br><br><br><br><\/td><\/tr><tr><td>Media (Norge) <br><a href=\"http:\/\/www.klassekampen.no\">Klassekampen<\/a><br><a href=\"http:\/\/www.friheten.no\/\">Friheten<\/a><br><a href=\"http:\/\/www.marxisme.no\">Gnist<\/a><br><a href=\"http:\/\/lmd.no\">Le Monde Diplomatique<\/a><br><a href=\"http:\/\/www.dagogtid.no\/\">Dag og tid<\/a><br><a href=\"http:\/\/www.morgenbladet.no\">Morgenbladet<\/a><br><a href=\"http:\/\/www.samtiden.no\/\">Samtiden<\/a><br><a href=\"https:\/\/frifagbevegelse.no\">Fri Fagbevegelse<\/a><\/td><td>Media (internasjonalt) <br><a href=\"http:\/\/www.monthlyreview.org\/\">Monthtly Review<\/a><br><a href=\"http:\/\/www.greenleft.org.au\/\">Green Left Weekly<\/a><br><a href=\"http:\/\/mondediplo.com\/\">Le Monde Diplomatique<\/a><br><a href=\"http:\/\/www.zmag.org\">Z Magazine<\/a><br><a href=\"https:\/\/www.granma.cu\/idiomas\/ingles\/index.html\">Granma International<\/a><br><a href=\"http:\/\/english.pravda.ru\/\">Pravda<\/a><br><a href=\"http:\/\/www.democracynow.org\/\">Democracy Now<\/a><br><a href=\"http:\/\/www.pww.org\/\">Peoples World Weekly<\/a><br><a href=\"http:\/\/www.isj.org.uk\/\">International Socialism<\/a><br><a href=\"http:\/\/www.wsws.org\/\">World Socialist Web Site<\/a><br><a href=\"http:\/\/www.marxist.net\/\">Marxist.net<\/a><br><a href=\"http:\/\/www.marxist.com\/\">Marxist.com<\/a><br><a href=\"http:\/\/www.mltoday.com\/\">Marxism-Leninism Today<\/a><br><a href=\"http:\/\/www.thenation.com\/\">The Nation<\/a><br><a href=\"http:\/\/www.counterpunch.org\/\">Counterpunch<\/a><\/td><\/tr><tr><td>Marxistiske klassikere og referanselitteratur (Norge) <a href=\"http:\/\/marxists.org\/norsk\/index.htm\">Marxists.org<\/a><br><a href=\"https:\/\/web.archive.org\/web\/20151030205636\/http:\/\/home.online.no\/~oisolsen\/bok.htm\">\u00d8ystein Olsens marxismesider<\/a><br><a href=\"https:\/\/web.archive.org\/web\/20120201180616\/http:\/\/www.vorhaug.net\/politikk\/index.html\">Rolf Vorhaugs politikkside<\/a><br><a href=\"http:\/\/www.radr.net\/zno\/\">Znet p\u00e5 norsk<\/a><br><a href=\"https:\/\/web.archive.org\/web\/20090814162803\/http:\/\/www.norgeslexi.com\/\">Norgeslexi<\/a><br><a href=\"http:\/\/virksommeord.uib.no\/\">Virksomme ord<\/a><\/td><td>Marxistiske klassikere og referanselitteratur (internasjonalt) <br><a href=\"http:\/\/www.marxists.org\">Marxists.org<\/a><br><a href=\"http:\/\/www.marx2mao.com\/\">From Marx to Mao<\/a><br><a href=\"http:\/\/www.sozialistische-klassiker.org\/\">Sozialistische Klassiker<\/a><br><a href=\"http:\/\/www.mlwerke.de\/\">MLwerke<\/a><br><a href=\"http:\/\/www.mltranslations.org\/\">Marxist-Leninist Translations and Reprints<\/a><br><a href=\"http:\/\/easyweb.easynet.co.uk\/~rcgfrfi\/ww\/\">Workers&#8217; Web<\/a><br><a href=\"http:\/\/lanic.utexas.edu\/la\/cb\/cuba\/castro.html\">Castro Speech Data Base (1959-1996)<\/a><br><a href=\"http:\/\/www.cuba.cu\/gobierno\/discursos\/index.html\">Castro Speech Data Base (1998-)<\/a><br><a href=\"http:\/\/www.leksikon.org\/\">Dansk radikalt leksikon<\/a><\/td><\/tr><\/tbody><\/table><\/figure>\n\n\n\n<p><\/p>\n\n\n\n<figure class=\"wp-block-table\"><table><tbody><tr><td colspan=\"2\"><strong>Kultur<\/strong><\/td><\/tr><tr><td>Litteratur <br><a href=\"http:\/\/books.mirror.org\/\">Great Books index<\/a><br><a href=\"http:\/\/www.bibliomania.com\/\">Bibliomania<\/a><br><a href=\"http:\/\/gutenberg.net\/\">Project Gutenberg<\/a><br><a href=\"http:\/\/manybooks.net\/\">ManyBooks.net<\/a><br><a href=\"http:\/\/www.munseys.com\">Munseys.com<\/a><br><a href=\"http:\/\/onlinebooks.library.upenn.edu\/\">The Online Books Page<\/a><br><a href=\"http:\/\/etext.lib.virginia.edu\/eng-on.html\">English Online Resources<\/a><br><a href=\"http:\/\/jv.gilead.org.il\/works.html\">Jules Verne Virtual Library<\/a><br><a href=\"http:\/\/sunsite.berkeley.edu\/London\/Writings\/\">Jack London&#8217;s Writings<\/a><br><a href=\"http:\/\/sunsite.berkeley.edu\/OMACL\/\">The Online Medieval and Classical Library<\/a><br><a href=\"http:\/\/www.etext.org\/index.shtml\">The Etext Archives<\/a><br><a href=\"http:\/\/archive.org\">Archive.org<\/a><br><a href=\"http:\/\/www.vorhaug.net\/kultur\/rulle\/index.html\">Rudolf Nilsens dikt<\/a> <br>SPILL: <a href=\"http:\/\/www.dagbladet.no\/spill\/gratis\">db.nos liste over gratis dataspill<\/a><\/td><td>Musikk <br>The Internationale [<a href=\"http:\/\/www.angelfire.com\/pq\/svechka\/\">1<\/a>]&nbsp;[<a href=\"http:\/\/www.skazka.no\/anthems\/internationale-collection.html\">2<\/a>]<br><a href=\"http:\/\/www.axisofjustice.org\">Axis of Justice<\/a><br><a href=\"http:\/\/www.publicenemy.com\">Public Enemy<\/a> | <a href=\"http:\/\/shutemdown.com\">downloadable MP3s<\/a><br><a href=\"http:\/\/www.ratm.org\">Rage Against the Machine<\/a><br><a href=\"http:\/\/www.manics.co.uk\">Manic Street Preachers<\/a><br><a href=\"http:\/\/www.gatasp.no\">Gatas Parlament<\/a><br><a href=\"http:\/\/www.alarmclockconnection.net\/\">Alarmclock Connection<\/a><br>Mackaronny Iceberg [<a href=\"http:\/\/www.stud.ntnu.no\/~ronnykj\">1<\/a>] [<a href=\"http:\/\/www.mackaronnyiceberg.ini.hu\">2<\/a>] [<a href=\"http:\/\/www11.nrk.no\/urort\/user\/?id=2740\">3<\/a>] [<a href=\"http:\/\/music.download.com\/iceberg\/3600-8538_32-100398409.html\">4<\/a>] [<a href=\"http:\/\/profile.myspace.com\/index.cfm?fuseaction=user.viewprofile&amp;friendid=48664910\">5<\/a>]<br>Red Star Budapest [<a href=\"http:\/\/redstarbudapest.tk\/\">1<\/a>] [<a href=\"http:\/\/www.geocities.com\/fulporcogoperc\">2<\/a>] [<a href=\"http:\/\/www.fulporcogoperc.ini.hu\">3<\/a>]<br><a href=\"http:\/\/www.lora.ch\">Radio Lora<\/a><br><a href=\"http:\/\/archive.org\">Archive.org<\/a><br><a href=\"http:\/\/www.openmusicarchive.org\/index.php\">Open Music Archive<\/a><br><a href=\"http:\/\/www.goodshitradio.com\/\">Goodshit Radio<\/a><br><a href=\"http:\/\/www.jamendo.com\/\">Jamendo.com<\/a><\/td><\/tr><\/tbody><\/table><\/figure>\n\n\n\n<p><\/p>\n\n\n\n<figure class=\"wp-block-table\"><table><tbody><tr><td colspan=\"2\"><strong>Vitenskap<\/strong><\/td><\/tr><tr><td>Norge <br><a href=\"http:\/\/www.forskning.no\">Forskning.no<\/a><br><a href=\"http:\/\/www.astronomi.no\/\">Astronomi.no\/<\/a><br><a href=\"http:\/\/www.vitnytt.no\/\">Vitnytt<\/a><br><a href=\"http:\/\/www.universitetsavisa.no\/\">Universitetsavisa (NTNU)<\/a><br><a href=\"http:\/\/www.ntnu.no\/gemini\/\">Gemini (NTNU)<\/a><br><a href=\"http:\/\/wo.uio.no\/as\/WebObjects\/avis.woa?del=uniforum\">Uniforum (UiO)<\/a><br><a href=\"http:\/\/uit.no\/nyheter\/tromsoflaket\/\">Troms\u00f8flaket (UiT)<\/a><br><a href=\"http:\/\/nyheter.uib.no\/?modus=vis_nyhet&amp;id=34646\">P\u00e5 H\u00f8yden (UiB)<\/a><br><a href=\"http:\/\/www.vgb.no\/28815\">Spr\u00f8ytvarsleren<\/a><br><a href=\"http:\/\/www.skepsis.no\/\">Skepsis<\/a><\/td><td>Internasjonalt <br><a href=\"http:\/\/www.newscientist.com\">New Scientist<\/a><br><a href=\"http:\/\/www.sciam.com\/\">Scientific American<\/a><br><a href=\"http:\/\/www.talkorigins.org\">The Talk.Origins Archive<\/a><br><a href=\"http:\/\/www.aip.org\">American Institute of Physics<\/a><br><a href=\"http:\/\/www.physicsweb.org\">Physics Web<\/a><br><a href=\"http:\/\/www.dannen.com\/szilard.html\">Leo Szilard<\/a><br><a href=\"http:\/\/www.hawking.org.uk\">Stephen Hawking<\/a><br><a href=\"http:\/\/www.mathworld.wolfram.com\">Math World<\/a><br><a href=\"http:\/\/www.nineplanets.org\">The Nine Planets<\/a><br><a href=\"http:\/\/www.skepdic.com\">The Skeptic&#8217;s Dictionary<\/a><br><a href=\"http:\/\/www.superstringtheory.com\">String Theory<\/a><br><a href=\"http:\/\/xxx.lanl.gov\">lanl.arXiv.org<\/a><br><a href=\"http:\/\/www.randi.org\">James Randi Foundation<\/a><br><a href=\"http:\/\/www.ucsusa.org\/\">Union of Concerned Scientists<\/a><\/td><\/tr><\/tbody><\/table><\/figure>\n","protected":false},"excerpt":{"rendered":"<p>Dette er en samling med lenker til ulike nettsider med relevans for denne nettsidens tematikk. Det betyr p\u00e5 ingen m\u00e5te at webmasteren bak lenkelisten (som ogs\u00e5 er s\u00f8rgelig utdatert) g\u00e5r god for&#8230;<\/p>\n","protected":false},"author":1,"featured_media":0,"parent":0,"menu_order":0,"comment_status":"closed","ping_status":"open","template":"","meta":{"advanced_seo_description":"","jetpack_seo_html_title":"","jetpack_seo_noindex":false,"footnotes":""},"class_list":["post-2","page","type-page","status-publish","hentry"],"jetpack_sharing_enabled":true,"post_mailing_queue_ids":[],"_links":{"self":[{"href":"https:\/\/venstresida.net\/ny\/index.php\/wp-json\/wp\/v2\/pages\/2","targetHints":{"allow":["GET"]}}],"collection":[{"href":"https:\/\/venstresida.net\/ny\/index.php\/wp-json\/wp\/v2\/pages"}],"about":[{"href":"https:\/\/venstresida.net\/ny\/index.php\/wp-json\/wp\/v2\/types\/page"}],"author":[{"embeddable":true,"href":"https:\/\/venstresida.net\/ny\/index.php\/wp-json\/wp\/v2\/users\/1"}],"replies":[{"embeddable":true,"href":"https:\/\/venstresida.net\/ny\/index.php\/wp-json\/wp\/v2\/comments?post=2"}],"version-history":[{"count":6,"href":"https:\/\/venstresida.net\/ny\/index.php\/wp-json\/wp\/v2\/pages\/2\/revisions"}],"predecessor-version":[{"id":723,"href":"https:\/\/venstresida.net\/ny\/index.php\/wp-json\/wp\/v2\/pages\/2\/revisions\/723"}],"wp:attachment":[{"href":"https:\/\/venstresida.net\/ny\/index.php\/wp-json\/wp\/v2\/media?parent=2"}],"curies":[{"name":"wp","href":"https:\/\/api.w.org\/{rel}","templated":true}]}}